{"id":391,"date":"2023-09-11T10:55:06","date_gmt":"2023-09-11T08:55:06","guid":{"rendered":"https:\/\/pcp13.fr\/?page_id=391"},"modified":"2023-09-11T10:55:30","modified_gmt":"2023-09-11T08:55:30","slug":"politique-de-confidentialite","status":"publish","type":"page","link":"https:\/\/pcp13.fr\/index.php\/politique-de-confidentialite\/","title":{"rendered":"Politique de Confidentialit\u00e9"},"content":{"rendered":"<div  class='flex_column av-av_one_full-7420270dda896a7728e3c90b94d24f81 av_one_full  avia-builder-el-0  avia-builder-el-no-sibling  first flex_column_div  '     ><section  class='av_textblock_section av-lmenf8wc-9316a0a5b100cb38192a593b20653179 '   itemscope=\"itemscope\" itemtype=\"https:\/\/schema.org\/CreativeWork\" ><div class='avia_textblock'  itemprop=\"text\" ><p>Chez PROVENCE CHAUFFAGE PLOMBERIE, nous attachons une grande importance \u00e0 la protection de vos donn\u00e9es personnelles. Cette politique de confidentialit\u00e9 vise \u00e0 vous informer sur la mani\u00e8re dont nous collectons, utilisons et prot\u00e9geons vos donn\u00e9es.<\/p>\n<p>Collecte des donn\u00e9es<br \/>\nNous collectons des donn\u00e9es personnelles telles que votre nom, votre adresse, votre num\u00e9ro de t\u00e9l\u00e9phone et votre adresse e-mail uniquement lorsque vous nous les fournissez volontairement, par exemple en remplissant un formulaire sur notre site web ou en nous contactant par e-mail.<\/p>\n<p>Utilisation des donn\u00e9es<br \/>\nNous utilisons vos donn\u00e9es personnelles pour r\u00e9pondre \u00e0 vos demandes, traiter vos commandes et vous fournir les informations ou les services que vous avez demand\u00e9s. Nous pouvons \u00e9galement utiliser ces donn\u00e9es pour vous informer de nos produits, services ou offres sp\u00e9ciales, mais seulement si vous avez consenti \u00e0 recevoir de telles communications.<\/p>\n<p>Protection des donn\u00e9es<br \/>\nNous mettons en place des mesures de s\u00e9curit\u00e9 appropri\u00e9es pour prot\u00e9ger vos donn\u00e9es personnelles contre tout acc\u00e8s non autoris\u00e9, alt\u00e9ration, divulgation ou destruction.<\/p>\n<p>Droits des utilisateurs<br \/>\nVous avez le droit de demander l&rsquo;acc\u00e8s \u00e0 vos donn\u00e9es personnelles, de les rectifier, de les supprimer ou de vous opposer \u00e0 leur traitement. Pour exercer ces droits, veuillez nous contacter \u00e0 l&rsquo;adresse indiqu\u00e9e ci-dessous.<\/p>\n<p>Contact<br \/>\nSi vous avez des questions concernant notre politique de confidentialit\u00e9 ou si vous souhaitez exercer vos droits en mati\u00e8re de donn\u00e9es personnelles, vous pouvez nous contacter \u00e0 l&rsquo;adresse suivante :<\/p>\n<p>PROVENCE CHAUFFAGE PLOMBERIE<br \/>\n811 RTE DE CASSIS<br \/>\n13830 ROQUEFORT-LA-BEDOULE<\/p>\n<p>Nous nous efforcerons de r\u00e9pondre \u00e0 vos pr\u00e9occupations dans les plus brefs d\u00e9lais.<\/p>\n<\/div><\/section><\/div>\n","protected":false},"excerpt":{"rendered":"","protected":false},"author":1,"featured_media":0,"parent":0,"menu_order":0,"comment_status":"closed","ping_status":"closed","template":"","meta":{"inline_featured_image":false,"footnotes":""},"class_list":["post-391","page","type-page","status-publish","hentry"],"_links":{"self":[{"href":"https:\/\/pcp13.fr\/index.php\/wp-json\/wp\/v2\/pages\/391","targetHints":{"allow":["GET"]}}],"collection":[{"href":"https:\/\/pcp13.fr\/index.php\/wp-json\/wp\/v2\/pages"}],"about":[{"href":"https:\/\/pcp13.fr\/index.php\/wp-json\/wp\/v2\/types\/page"}],"author":[{"embeddable":true,"href":"https:\/\/pcp13.fr\/index.php\/wp-json\/wp\/v2\/users\/1"}],"replies":[{"embeddable":true,"href":"https:\/\/pcp13.fr\/index.php\/wp-json\/wp\/v2\/comments?post=391"}],"version-history":[{"count":2,"href":"https:\/\/pcp13.fr\/index.php\/wp-json\/wp\/v2\/pages\/391\/revisions"}],"predecessor-version":[{"id":393,"href":"https:\/\/pcp13.fr\/index.php\/wp-json\/wp\/v2\/pages\/391\/revisions\/393"}],"wp:attachment":[{"href":"https:\/\/pcp13.fr\/index.php\/wp-json\/wp\/v2\/media?parent=391"}],"curies":[{"name":"wp","href":"https:\/\/api.w.org\/{rel}","templated":true}]}}